{"id":79,"date":"2025-06-10T14:30:18","date_gmt":"2025-06-10T12:30:18","guid":{"rendered":"https:\/\/irfedd.fr\/greenlabs\/?page_id=79"},"modified":"2025-10-06T12:29:14","modified_gmt":"2025-10-06T10:29:14","slug":"genese-du-projet","status":"publish","type":"page","link":"https:\/\/irfedd.fr\/greenlabs\/a-propos\/genese-du-projet\/","title":{"rendered":"Pr\u00e9sentation du projet"},"content":{"rendered":"\n\n<div class=\"wpb_text_column wpb_content_element \">\n<div class=\"wpb_wrapper\">\n<h5>Contexte<\/h5>\n<\/div>\n<\/div>\n<div class=\"wpb_text_column wpb_content_element \">\n<div class=\"wpb_wrapper\">\n<p><span class=\"TextRun SCXW116793242 BCX8\" lang=\"FR-FR\" xml:lang=\"FR-FR\" data-contrast=\"auto\"><span class=\"NormalTextRun SCXW116793242 BCX8\">Le<\/span><span class=\"NormalTextRun SCXW116793242 BCX8\"> projet GREEN LABS vise \u00e0 soutenir et \u00e0 stimuler la transition verte, en promouvant l\u2019innovation et l\u2019\u00e9cologisation des syst\u00e8mes de l\u2019enseignement et de la formation professionnels (EFP), gr\u00e2ce \u00e0 l\u2019internationalisation, \u00e0 l\u2019\u00e9change de pratiques et le partage des connaissances entre les partenaires, conform\u00e9ment \u00e0 la d\u00e9claration d\u2019Osnabr\u00fcck <\/span><span class=\"NormalTextRun SCXW116793242 BCX8\">de 2020 <\/span><span class=\"NormalTextRun SCXW116793242 BCX8\">sur l\u2019enseignement et la formation professionnels pour une comp\u00e9titivit\u00e9 durable, l\u2019\u00e9quit\u00e9 sociale et la r\u00e9silience<\/span><span class=\"NormalTextRun SCXW116793242 BCX8\">.<\/span><\/span><\/p>\n<p>&nbsp;<\/p>\n<\/div>\n<div class=\"wpb_text_column wpb_content_element \">\n<div class=\"wpb_wrapper\">\n<h5>Objectifs<\/h5>\n<\/div>\n<\/div>\n<div class=\"wpb_text_column wpb_content_element \">\n<div class=\"wpb_wrapper\">\n<p><strong>Le projet vise \u00e0 promouvoir le renforcement d\u2019un espace europ\u00e9en de l\u2019\u00e9ducation, tout en contribuant \u00e0 renforcer les comp\u00e9tences pour un d\u00e9veloppement durable\u202f: <\/strong><\/p>\n<ul>\n<li><span data-contrast=\"auto\">Co-cr\u00e9ation d\u2019un r\u00e9seau europ\u00e9en de laboratoires locaux (<\/span>living labs<span data-contrast=\"auto\">) visant \u00e0 stimuler la transition verte et le d\u00e9veloppement d\u2019initiatives et projets territoriaux.<\/span><\/li>\n<li><span data-contrast=\"auto\">Conception et d\u00e9veloppement d\u2019un nouveau programme de formation professionnelle pour les animateurs \/ gestionnaires de ces laboratoires vivants (appel\u00e9s \u00ab\u202fgestionnaires de l\u2019innovation verte \u2013 GIM\u202f\u00bb), capables d\u2019agir en tant que facilitateur de la transition verte.<\/span><\/li>\n<li><span data-contrast=\"auto\">Pilotage des laboratoires vivants cr\u00e9\u00e9s, gr\u00e2ce \u00e0 l\u2019implication des principaux acteurs publics et priv\u00e9s et \u00e0 l\u2019engagement direct des animateurs \/ gestionnaires de l\u2019innovation verte form\u00e9s.<\/span><\/li>\n<li><span data-contrast=\"auto\">Mise en \u0153uvre d\u2019un portail web pour le r\u00e9seau international de laboratoires vivants, d\u00e9veloppement et test d\u2019un ensemble de services de soutien pour les acteurs.<\/span><\/li>\n<li><span data-contrast=\"auto\">Mise en \u0153uvre de campagnes de sensibilisation cibl\u00e9es et multicanaux pour une large sensibilisation de toutes les parties prenantes.<\/span><span data-ccp-props=\"{&quot;201341983&quot;:0,&quot;335551550&quot;:6,&quot;335551620&quot;:6,&quot;335559739&quot;:0,&quot;335559740&quot;:276}\">\u00a0<\/span><\/li>\n<\/ul>\n<\/div>\n<\/div>\n<div class=\"nectar-fancy-ul\" data-list-icon=\"fa fa-arrow-right\" data-animation=\"false\" data-animation-delay=\"0\" data-color=\"extra-color-3\" data-spacing=\"default\" data-alignment=\"left\">\n<div class=\"wpb_text_column wpb_content_element \">\n<div class=\"wpb_wrapper\">\n<h5><\/h5>\n<h5>Mise en \u0153uvre<\/h5>\n<\/div>\n<\/div>\n<div class=\"nectar-fancy-ul\" data-list-icon=\"fa fa-arrow-right\" data-animation=\"false\" data-animation-delay=\"0\" data-color=\"extra-color-3\" data-spacing=\"default\" data-alignment=\"left\">\n<p><span data-contrast=\"auto\">Le partenariat a \u00e9t\u00e9 form\u00e9 en respectant les crit\u00e8res de compl\u00e9mentarit\u00e9 et d\u2019expertise. Il se compose de 6 organisations dans 5 pays diff\u00e9rents (France, Italie, Gr\u00e8ce, Portugal, Serbie) et comprend : deux centres de formation professionnelle, en France et en Italie, une municipalit\u00e9 au Portugal, une association en Gr\u00e8ce, une coop\u00e9rative et un tiers-lieu en France et une organisation de jeunesse en Serbie.<\/span><span data-ccp-props=\"{&quot;201341983&quot;:0,&quot;335551550&quot;:6,&quot;335551620&quot;:6,&quot;335559739&quot;:0,&quot;335559740&quot;:276}\">\u00a0<\/span><span data-contrast=\"auto\">Le plan de mise en \u0153uvre comprend 4 WP (<\/span><i><span data-contrast=\"auto\">work packages<\/span><\/i><span data-contrast=\"auto\">) valorisant l\u2019expertise des partenaires au cours de la coop\u00e9ration :<\/span><span data-ccp-props=\"{&quot;201341983&quot;:0,&quot;335551550&quot;:6,&quot;335551620&quot;:6,&quot;335559739&quot;:0,&quot;335559740&quot;:276}\">\u00a0<\/span><\/p>\n<ul>\n<li><span data-contrast=\"auto\">WP1 \u2013 Gestion et coordination<\/span><\/li>\n<li><span data-contrast=\"auto\">WP2 \u2013 Construction et pilotage d\u2019un r\u00e9seau international de laboratoires vivants pour les \u00e9cosyst\u00e8mes verts<\/span><\/li>\n<li><span data-contrast=\"auto\">WP3 \u2013 Conception et pilotage d\u2019un programme de formation commun pour les gestionnaires de l\u2019innovation verte<\/span><\/li>\n<li><span data-contrast=\"auto\">WP4 \u2013 Communication, engagement et partage<\/span><\/li>\n<\/ul>\n<p><span data-contrast=\"auto\">Tous les WP sont ind\u00e9pendants mais fortement li\u00e9s entre eux afin de garantir la r\u00e9alisation de l\u2019ensemble des r\u00e9sultats ambitieux du projet.<\/span><span data-ccp-props=\"{&quot;201341983&quot;:0,&quot;335551550&quot;:6,&quot;335551620&quot;:6,&quot;335559739&quot;:0,&quot;335559740&quot;:276}\">\u00a0<\/span><\/p>\n<p>Le projet se d\u00e9roule durant 30 mois, de novembre 2024 \u00e0 avril 2027.<\/p>\n<\/div>\n<\/div>\n<\/div>\n","protected":false},"excerpt":{"rendered":"<p>Contexte Le projet GREEN LABS vise \u00e0 soutenir et \u00e0 stimuler la transition verte, en promouvant l\u2019innovation et l\u2019\u00e9cologisation des syst\u00e8mes de l\u2019enseignement et de la formation professionnels (EFP), gr\u00e2ce&#8230;<\/p>\n","protected":false},"author":1,"featured_media":0,"parent":75,"menu_order":0,"comment_status":"closed","ping_status":"closed","template":"","meta":{"inline_featured_image":false,"footnotes":""},"class_list":["post-79","page","type-page","status-publish"],"_links":{"self":[{"href":"https:\/\/irfedd.fr\/greenlabs\/wp-json\/wp\/v2\/pages\/79","targetHints":{"allow":["GET"]}}],"collection":[{"href":"https:\/\/irfedd.fr\/greenlabs\/wp-json\/wp\/v2\/pages"}],"about":[{"href":"https:\/\/irfedd.fr\/greenlabs\/wp-json\/wp\/v2\/types\/page"}],"author":[{"embeddable":true,"href":"https:\/\/irfedd.fr\/greenlabs\/wp-json\/wp\/v2\/users\/1"}],"replies":[{"embeddable":true,"href":"https:\/\/irfedd.fr\/greenlabs\/wp-json\/wp\/v2\/comments?post=79"}],"version-history":[{"count":0,"href":"https:\/\/irfedd.fr\/greenlabs\/wp-json\/wp\/v2\/pages\/79\/revisions"}],"up":[{"embeddable":true,"href":"https:\/\/irfedd.fr\/greenlabs\/wp-json\/wp\/v2\/pages\/75"}],"wp:attachment":[{"href":"https:\/\/irfedd.fr\/greenlabs\/wp-json\/wp\/v2\/media?parent=79"}],"curies":[{"name":"wp","href":"https:\/\/api.w.org\/{rel}","templated":true}]}}