{"id":959,"date":"2025-06-10T07:16:54","date_gmt":"2025-06-10T05:16:54","guid":{"rendered":"https:\/\/irfedd.fr\/greenlabs\/home-green-labs\/"},"modified":"2026-01-16T11:15:32","modified_gmt":"2026-01-16T10:15:32","slug":"home-green-labs","status":"publish","type":"page","link":"https:\/\/irfedd.fr\/greenlabs\/sr\/","title":{"rendered":"Home Green Labs"},"content":{"rendered":"\n\n[vc_row type=&#8220;full_width_background&#8220; full_screen_row_position=&#8220;middle&#8220; column_margin=&#8220;default&#8220; equal_height=&#8220;yes&#8220; content_placement=&#8220;middle&#8220; column_direction=&#8220;default&#8220; column_direction_tablet=&#8220;default&#8220; column_direction_phone=&#8220;default&#8220; bg_color=&#8220;#f4f4f4&#8243; bg_image=&#8220;178&#8243; background_image_mobile_hidden=&#8220;true&#8220; bg_position=&#8220;center center&#8220; background_image_loading=&#8220;default&#8220; bg_repeat=&#8220;no-repeat&#8220; scene_position=&#8220;center&#8220; bottom_margin=&#8220;8%&#8220; text_color=&#8220;dark&#8220; text_align=&#8220;left&#8220; row_border_radius=&#8220;none&#8220; row_border_radius_applies=&#8220;bg&#8220; overflow=&#8220;visible&#8220; enable_gradient=&#8220;true&#8220; color_overlay=&#8220;#D2DB5F&#8220; color_overlay_2=&#8220;#2A7053&#8243; overlay_strength=&#8220;0.8&#8243; gradient_direction=&#8220;left_to_right&#8220; enable_shape_divider=&#8220;true&#8220; shape_divider_position=&#8220;bottom&#8220; shape_divider_height=&#8220;100&#8243; bg_image_animation=&#8220;none&#8220; gradient_type=&#8220;default&#8220; shape_type=&#8220;curve_opacity&#8220;][vc_column column_padding=&#8220;padding-3-percent&#8220; column_padding_tablet=&#8220;inherit&#8220; column_padding_phone=&#8220;inherit&#8220; column_padding_position=&#8220;all&#8220; column_element_direction_desktop=&#8220;default&#8220; column_element_spacing=&#8220;default&#8220; desktop_text_alignment=&#8220;default&#8220; tablet_text_alignment=&#8220;default&#8220; phone_text_alignment=&#8220;default&#8220; background_color_opacity=&#8220;1&#8243; background_hover_color_opacity=&#8220;1&#8243; column_backdrop_filter=&#8220;none&#8220; column_shadow=&#8220;none&#8220; column_border_radius=&#8220;none&#8220; column_link_target=&#8220;_self&#8220; column_position=&#8220;default&#8220; gradient_direction=&#8220;left_to_right&#8220; overlay_strength=&#8220;0.3&#8243; width=&#8220;1\/4&#8243; tablet_width_inherit=&#8220;default&#8220; animation_type=&#8220;default&#8220; bg_image_animation=&#8220;none&#8220; border_type=&#8220;simple&#8220; column_border_width=&#8220;none&#8220; column_border_color=&#8220;#1b9ba4&#8243; column_border_style=&#8220;solid&#8220; column_padding_type=&#8220;default&#8220; gradient_type=&#8220;default&#8220;][image_with_animation image_url=&#8220;387&#8243; image_size=&#8220;full&#8220; max_width=&#8220;100%&#8220; max_width_mobile=&#8220;default&#8220; animation_type=&#8220;entrance&#8220; animation=&#8220;None&#8220; animation_movement_type=&#8220;transform_y&#8220; hover_animation=&#8220;none&#8220; alignment=&#8220;center&#8220; border_radius=&#8220;none&#8220; box_shadow=&#8220;none&#8220; image_loading=&#8220;default&#8220;][\/vc_column][vc_column column_padding=&#8220;padding-3-percent&#8220; column_padding_tablet=&#8220;inherit&#8220; column_padding_phone=&#8220;inherit&#8220; column_padding_position=&#8220;all&#8220; column_element_direction_desktop=&#8220;default&#8220; column_element_spacing=&#8220;default&#8220; desktop_text_alignment=&#8220;default&#8220; tablet_text_alignment=&#8220;default&#8220; phone_text_alignment=&#8220;default&#8220; background_color_opacity=&#8220;1&#8243; background_hover_color_opacity=&#8220;1&#8243; column_backdrop_filter=&#8220;none&#8220; font_color=&#8220;#FFFFFF&#8220; column_shadow=&#8220;none&#8220; column_border_radius=&#8220;none&#8220; column_link_target=&#8220;_self&#8220; column_position=&#8220;default&#8220; gradient_direction=&#8220;left_to_right&#8220; overlay_strength=&#8220;0.3&#8243; width=&#8220;3\/4&#8243; tablet_width_inherit=&#8220;default&#8220; animation_type=&#8220;default&#8220; bg_image_animation=&#8220;none&#8220; border_type=&#8220;simple&#8220; column_border_width=&#8220;none&#8220; column_border_color=&#8220;#1b9ba4&#8243; column_border_style=&#8220;solid&#8220; column_padding_type=&#8220;default&#8220; gradient_type=&#8220;default&#8220;][divider line_type=&#8220;No Line&#8220; custom_height=&#8220;30&#8243;][vc_column_text css=&#8220;&#8220; text_direction=&#8220;default&#8220;]\n<div class=\"heading-line\">\n<div>\n<h1 style=\"text-align: center\"><strong>Projekat GREEN LABS<\/strong><\/h1>\n<\/div>\n<\/div>\n<div class=\"heading-line\">\n<div>\n<h3 style=\"text-align: center\">International Living labs network for<\/h3>\n<h3 style=\"text-align: center\">the co-creation &amp; development of green ecosystems<\/h3>\n<\/div>\n<\/div>\n[\/vc_column_text][divider line_type=&#8220;No Line&#8220; custom_height=&#8220;60&#8243;][\/vc_column][\/vc_row][vc_row type=&#8220;in_container&#8220; full_screen_row_position=&#8220;middle&#8220; column_margin=&#8220;default&#8220; column_direction=&#8220;default&#8220; column_direction_tablet=&#8220;default&#8220; column_direction_phone=&#8220;default&#8220; scene_position=&#8220;center&#8220; top_padding=&#8220;2%&#8220; bottom_padding=&#8220;2%&#8220; text_color=&#8220;dark&#8220; text_align=&#8220;left&#8220; row_border_radius=&#8220;none&#8220; row_border_radius_applies=&#8220;bg&#8220; overflow=&#8220;visible&#8220; overlay_strength=&#8220;0.3&#8243; gradient_direction=&#8220;left_to_right&#8220; shape_divider_position=&#8220;bottom&#8220; bg_image_animation=&#8220;none&#8220; gradient_type=&#8220;default&#8220; shape_type=&#8220;&#8220;][vc_column column_padding=&#8220;no-extra-padding&#8220; column_padding_tablet=&#8220;inherit&#8220; column_padding_phone=&#8220;inherit&#8220; column_padding_position=&#8220;all&#8220; column_element_direction_desktop=&#8220;default&#8220; column_element_spacing=&#8220;default&#8220; centered_text=&#8220;true&#8220; desktop_text_alignment=&#8220;default&#8220; tablet_text_alignment=&#8220;default&#8220; phone_text_alignment=&#8220;default&#8220; background_color_opacity=&#8220;1&#8243; background_hover_color_opacity=&#8220;1&#8243; column_backdrop_filter=&#8220;none&#8220; column_shadow=&#8220;none&#8220; column_border_radius=&#8220;none&#8220; column_link_target=&#8220;_self&#8220; column_position=&#8220;default&#8220; gradient_direction=&#8220;left_to_right&#8220; overlay_strength=&#8220;0.3&#8243; width=&#8220;2\/3&#8243; tablet_width_inherit=&#8220;default&#8220; animation_type=&#8220;default&#8220; bg_image_animation=&#8220;none&#8220; border_type=&#8220;simple&#8220; column_border_width=&#8220;none&#8220; column_border_style=&#8220;solid&#8220; column_padding_type=&#8220;default&#8220; gradient_type=&#8220;default&#8220;][vc_row_inner column_margin=&#8220;default&#8220; column_direction=&#8220;default&#8220; column_direction_tablet=&#8220;default&#8220; column_direction_phone=&#8220;default&#8220; text_align=&#8220;left&#8220; row_position=&#8220;default&#8220; row_position_tablet=&#8220;inherit&#8220; row_position_phone=&#8220;inherit&#8220; overflow=&#8220;visible&#8220; pointer_events=&#8220;all&#8220;][vc_column_inner column_padding=&#8220;no-extra-padding&#8220; column_padding_tablet=&#8220;inherit&#8220; column_padding_phone=&#8220;inherit&#8220; column_padding_position=&#8220;all&#8220; column_element_direction_desktop=&#8220;default&#8220; column_element_spacing=&#8220;default&#8220; desktop_text_alignment=&#8220;default&#8220; tablet_text_alignment=&#8220;default&#8220; phone_text_alignment=&#8220;default&#8220; background_color_opacity=&#8220;1&#8243; background_hover_color_opacity=&#8220;1&#8243; column_backdrop_filter=&#8220;none&#8220; column_shadow=&#8220;none&#8220; column_border_radius=&#8220;none&#8220; column_link_target=&#8220;_self&#8220; overflow=&#8220;visible&#8220; gradient_direction=&#8220;left_to_right&#8220; overlay_strength=&#8220;0.3&#8243; width=&#8220;1\/1&#8243; tablet_width_inherit=&#8220;default&#8220; animation_type=&#8220;default&#8220; bg_image_animation=&#8220;none&#8220; border_type=&#8220;simple&#8220; column_border_width=&#8220;none&#8220; column_border_style=&#8220;solid&#8220;][vc_column_text css=&#8220;&#8220; text_direction=&#8220;default&#8220;]\n<h6 style=\"text-align: center\"><span class=\"TextRun SCXW116793242 BCX8\" lang=\"FR-FR\" xml:lang=\"FR-FR\" data-contrast=\"auto\">Projekat GREEN LABS ima za cilj da podr\u017ei i stimuli\u0161e zelenu tranziciju promovisanjem inovacija i ozelenjavanjem sistema stru\u010dnog obrazovanja i obuke (VET), kroz internacionalizaciju, razmenu praksi i deljenje znanja izme\u0111u partnera, u skladu sa Deklaracijom iz Osnabrika iz 2020. godine o stru\u010dnom obrazovanju i obuci za odr\u017eivu konkurentnost, socijalnu ravnopravnost i otpornost.<\/span><\/h6>\n[\/vc_column_text][\/vc_column_inner][\/vc_row_inner][\/vc_column][vc_column column_padding=&#8220;no-extra-padding&#8220; column_padding_tablet=&#8220;inherit&#8220; column_padding_phone=&#8220;inherit&#8220; column_padding_position=&#8220;all&#8220; column_element_direction_desktop=&#8220;default&#8220; column_element_spacing=&#8220;default&#8220; desktop_text_alignment=&#8220;default&#8220; tablet_text_alignment=&#8220;default&#8220; phone_text_alignment=&#8220;default&#8220; background_color_opacity=&#8220;1&#8243; background_hover_color_opacity=&#8220;1&#8243; column_backdrop_filter=&#8220;none&#8220; column_shadow=&#8220;none&#8220; column_border_radius=&#8220;none&#8220; column_link_target=&#8220;_self&#8220; column_position=&#8220;default&#8220; gradient_direction=&#8220;left_to_right&#8220; overlay_strength=&#8220;0.3&#8243; width=&#8220;1\/3&#8243; tablet_width_inherit=&#8220;default&#8220; animation_type=&#8220;default&#8220; bg_image_animation=&#8220;none&#8220; border_type=&#8220;simple&#8220; column_border_width=&#8220;none&#8220; column_border_style=&#8220;solid&#8220;][image_with_animation image_url=&#8220;374&#8243; image_size=&#8220;full&#8220; max_width=&#8220;75%&#8220; max_width_mobile=&#8220;default&#8220; animation_type=&#8220;entrance&#8220; animation=&#8220;None&#8220; animation_movement_type=&#8220;transform_y&#8220; hover_animation=&#8220;none&#8220; alignment=&#8220;&#8220; border_radius=&#8220;5px&#8220; box_shadow=&#8220;none&#8220; image_loading=&#8220;default&#8220;][\/vc_column][\/vc_row][vc_row type=&#8220;in_container&#8220; full_screen_row_position=&#8220;middle&#8220; column_margin=&#8220;default&#8220; equal_height=&#8220;yes&#8220; content_placement=&#8220;top&#8220; column_direction=&#8220;default&#8220; column_direction_tablet=&#8220;default&#8220; column_direction_phone=&#8220;default&#8220; scene_position=&#8220;center&#8220; text_color=&#8220;dark&#8220; text_align=&#8220;left&#8220; row_border_radius=&#8220;none&#8220; row_border_radius_applies=&#8220;bg&#8220; overflow=&#8220;visible&#8220; overlay_strength=&#8220;0.3&#8243; gradient_direction=&#8220;left_to_right&#8220; shape_divider_position=&#8220;bottom&#8220; bg_image_animation=&#8220;none&#8220; gradient_type=&#8220;default&#8220; shape_type=&#8220;&#8220;][vc_column column_padding=&#8220;no-extra-padding&#8220; column_padding_tablet=&#8220;inherit&#8220; column_padding_phone=&#8220;inherit&#8220; column_padding_position=&#8220;all&#8220; column_element_direction_desktop=&#8220;default&#8220; column_element_spacing=&#8220;default&#8220; desktop_text_alignment=&#8220;default&#8220; tablet_text_alignment=&#8220;default&#8220; phone_text_alignment=&#8220;default&#8220; background_color_opacity=&#8220;1&#8243; background_hover_color_opacity=&#8220;1&#8243; column_backdrop_filter=&#8220;none&#8220; column_shadow=&#8220;none&#8220; column_border_radius=&#8220;none&#8220; column_link_target=&#8220;_self&#8220; column_position=&#8220;default&#8220; gradient_direction=&#8220;left_to_right&#8220; overlay_strength=&#8220;0.3&#8243; width=&#8220;1\/1&#8243; tablet_width_inherit=&#8220;default&#8220; animation_type=&#8220;default&#8220; bg_image_animation=&#8220;none&#8220; border_type=&#8220;simple&#8220; column_border_width=&#8220;none&#8220; column_border_style=&#8220;solid&#8220;][vc_text_separator title=&#8220;Vesti&#8220; i_icon_fontawesome=&#8220;fa fa-newspaper-o&#8220; i_color=&#8220;pink&#8220; title_align=&#8220;separator_align_left&#8220; color=&#8220;pink&#8220; css=&#8220;&#8220; add_icon=&#8220;true&#8220;][nectar_blog layout=&#8220;masonry-blog-fullwidth&#8220; blog_masonry_style=&#8220;material&#8220; load_in_animation=&#8220;none&#8220; category=&#8220;all&#8220; order=&#8220;DESC&#8220; orderby=&#8220;date&#8220; blog_remove_post_author=&#8220;true&#8220; blog_remove_post_comment_number=&#8220;true&#8220; posts_per_page=&#8220;3&#8243;][\/vc_column][\/vc_row][vc_row type=&#8220;in_container&#8220; full_screen_row_position=&#8220;middle&#8220; column_margin=&#8220;default&#8220; column_direction=&#8220;default&#8220; column_direction_tablet=&#8220;default&#8220; column_direction_phone=&#8220;default&#8220; scene_position=&#8220;center&#8220; top_margin=&#8220;4%&#8220; bottom_margin=&#8220;2%&#8220; text_color=&#8220;dark&#8220; text_align=&#8220;left&#8220; row_border_radius=&#8220;none&#8220; row_border_radius_applies=&#8220;bg&#8220; overflow=&#8220;visible&#8220; overlay_strength=&#8220;0.3&#8243; gradient_direction=&#8220;left_to_right&#8220; shape_divider_position=&#8220;bottom&#8220; bg_image_animation=&#8220;none&#8220; gradient_type=&#8220;default&#8220; shape_type=&#8220;&#8220;][vc_column column_padding=&#8220;no-extra-padding&#8220; column_padding_tablet=&#8220;inherit&#8220; column_padding_phone=&#8220;inherit&#8220; column_padding_position=&#8220;all&#8220; column_element_direction_desktop=&#8220;default&#8220; column_element_spacing=&#8220;default&#8220; desktop_text_alignment=&#8220;default&#8220; tablet_text_alignment=&#8220;default&#8220; phone_text_alignment=&#8220;default&#8220; background_color_opacity=&#8220;1&#8243; background_hover_color_opacity=&#8220;1&#8243; column_backdrop_filter=&#8220;none&#8220; column_shadow=&#8220;none&#8220; column_border_radius=&#8220;none&#8220; column_link_target=&#8220;_self&#8220; column_position=&#8220;default&#8220; gradient_direction=&#8220;left_to_right&#8220; overlay_strength=&#8220;0.3&#8243; width=&#8220;1\/1&#8243; tablet_width_inherit=&#8220;default&#8220; animation_type=&#8220;default&#8220; bg_image_animation=&#8220;none&#8220; border_type=&#8220;simple&#8220; column_border_width=&#8220;none&#8220; column_border_style=&#8220;solid&#8220;][vc_text_separator title=&#8220;Partneri projekta Green Labs&#8220; color=&#8220;green&#8220; css=&#8220;&#8220;][clients columns=&#8220;6&#8243; hover_effect=&#8220;opacity&#8220; additional_padding=&#8220;3&#8243; fade_in_animation=&#8220;true&#8220;][client image=&#8220;143&#8243; url_target=&#8220;_blank&#8220; title=&#8220;Client&#8220; id=&#8220;1766409209016-10&#8243; tab_id=&#8220;1766409209017-0&#8243; url=&#8220;https:%2F%2Firfedd.fr%2F|&#8220; name=&#8220;IRFEDD&#8220;] Click the edit button to add your testimonial. [\/client][client image=&#8220;131&#8243; url_target=&#8220;_blank&#8220; title=&#8220;Client&#8220; id=&#8220;1766409209032-4&#8243; tab_id=&#8220;1766409209033-5&#8243; url=&#8220;https:%2F%2Fwww.lica-europe.org%2F|&#8220; name=&#8220;LICA&#8220;] Click the edit button to add your testimonial. [\/client][client image=&#8220;125&#8243; url_target=&#8220;_blank&#8220; title=&#8220;Client&#8220; id=&#8220;1766409209041-5&#8243; tab_id=&#8220;1766409209042-9&#8243; url=&#8220;https:%2F%2Fcentoform.it%2F|&#8220; name=&#8220;Centoform&#8220;][\/client][client image=&#8220;119&#8243; url_target=&#8220;_blank&#8220; title=&#8220;Client&#8220; id=&#8220;1766409209047-6&#8243; tab_id=&#8220;1766409209047-1&#8243; url=&#8220;https:%2F%2Fakep.eu%2F|&#8220; name=&#8220;Akep&#8220;][\/client][client image=&#8220;137&#8243; url_target=&#8220;_blank&#8220; title=&#8220;Client&#8220; id=&#8220;1766409209056-6&#8243; tab_id=&#8220;1766409209056-6&#8243; url=&#8220;https:%2F%2Fwww.cm-lousada.pt%2F|&#8220; name=&#8220;Lousada&#8220;][\/client][client image=&#8220;113&#8243; url_target=&#8220;_blank&#8220; title=&#8220;Client&#8220; id=&#8220;1766409209064-2&#8243; tab_id=&#8220;1766409209064-0&#8243; url=&#8220;https:%2F%2Fambasador.rs%2Fen%2F|&#8220; name=&#8220;Young Ambassadors&#8220;][\/client][\/clients][\/vc_column][\/vc_row]\n","protected":false},"excerpt":{"rendered":"<p>[vc_row type=&#8220;full_width_background&#8220; full_screen_row_position=&#8220;middle&#8220; column_margin=&#8220;default&#8220; equal_height=&#8220;yes&#8220; content_placement=&#8220;middle&#8220; column_direction=&#8220;default&#8220; column_direction_tablet=&#8220;default&#8220; column_direction_phone=&#8220;default&#8220; bg_color=&#8220;#f4f4f4&#8243; bg_image=&#8220;178&#8243; background_image_mobile_hidden=&#8220;true&#8220; bg_position=&#8220;center center&#8220; background_image_loading=&#8220;default&#8220; bg_repeat=&#8220;no-repeat&#8220; scene_position=&#8220;center&#8220; bottom_margin=&#8220;8%&#8220; text_color=&#8220;dark&#8220; text_align=&#8220;left&#8220; row_border_radius=&#8220;none&#8220; row_border_radius_applies=&#8220;bg&#8220; overflow=&#8220;visible&#8220; enable_gradient=&#8220;true&#8220; color_overlay=&#8220;#D2DB5F&#8220; color_overlay_2=&#8220;#2A7053&#8243; overlay_strength=&#8220;0.8&#8243; gradient_direction=&#8220;left_to_right&#8220; enable_shape_divider=&#8220;true&#8220; shape_divider_position=&#8220;bottom&#8220;&#8230;<\/p>\n","protected":false},"author":1,"featured_media":0,"parent":0,"menu_order":0,"comment_status":"closed","ping_status":"closed","template":"","meta":{"inline_featured_image":false,"footnotes":""},"class_list":["post-959","page","type-page","status-publish"],"_links":{"self":[{"href":"https:\/\/irfedd.fr\/greenlabs\/sr\/wp-json\/wp\/v2\/pages\/959","targetHints":{"allow":["GET"]}}],"collection":[{"href":"https:\/\/irfedd.fr\/greenlabs\/sr\/wp-json\/wp\/v2\/pages"}],"about":[{"href":"https:\/\/irfedd.fr\/greenlabs\/sr\/wp-json\/wp\/v2\/types\/page"}],"author":[{"embeddable":true,"href":"https:\/\/irfedd.fr\/greenlabs\/sr\/wp-json\/wp\/v2\/users\/1"}],"replies":[{"embeddable":true,"href":"https:\/\/irfedd.fr\/greenlabs\/sr\/wp-json\/wp\/v2\/comments?post=959"}],"version-history":[{"count":0,"href":"https:\/\/irfedd.fr\/greenlabs\/sr\/wp-json\/wp\/v2\/pages\/959\/revisions"}],"wp:attachment":[{"href":"https:\/\/irfedd.fr\/greenlabs\/sr\/wp-json\/wp\/v2\/media?parent=959"}],"curies":[{"name":"wp","href":"https:\/\/api.w.org\/{rel}","templated":true}]}}