{"id":952,"date":"2025-06-10T14:30:18","date_gmt":"2025-06-10T12:30:18","guid":{"rendered":"https:\/\/irfedd.fr\/greenlabs\/o\/o-projektu\/"},"modified":"2025-06-10T14:30:18","modified_gmt":"2025-06-10T12:30:18","slug":"o-projektu","status":"publish","type":"page","link":"https:\/\/irfedd.fr\/greenlabs\/sr\/o\/o-projektu\/","title":{"rendered":"O projektu"},"content":{"rendered":"\n\n<div class=\"wpb_text_column wpb_content_element \">\n<div class=\"wpb_wrapper\">\n<h5>Kontekst<\/h5>\n<\/div>\n<\/div>\n<div class=\"wpb_text_column wpb_content_element \">\n<div class=\"wpb_wrapper\">\n<p><span class=\"TextRun SCXW116793242 BCX8\" lang=\"FR-FR\" xml:lang=\"FR-FR\" data-contrast=\"auto\">Projekat GREEN LABS ima za cilj da podr\u017ei i podstakne zelenu tranziciju, promovi\u0161u\u0107i inovacije i uvo\u0111enje ekolo\u0161kih principa u sisteme stru\u010dnog obrazovanja i obuke (VET), kroz internacionalizaciju, razmenu praksi i deljenje znanja me\u0111u partnerima, u skladu sa Osnabruk deklaracijom iz 2020. o stru\u010dnom obrazovanju i obuci za odr\u017eivu konkurentnost, socijalnu pravednost i otpornost.<\/span><\/p>\n<p>&nbsp;<\/p>\n<\/div>\n<div class=\"wpb_text_column wpb_content_element \">\n<div class=\"wpb_wrapper\">\n<h5>Ciljevi<\/h5>\n<\/div>\n<\/div>\n<div class=\"wpb_text_column wpb_content_element \">\n<div class=\"wpb_wrapper\">\n<p><strong>Projekat ima za cilj da promovi\u0161e ja\u010danje evropskog obrazovnog prostora, istovremeno doprinose\u0107i razvoju ve\u0161tina za odr\u017eivi razvoj: <\/strong><\/p>\n<ul>\n<li>Ko-kreiranje evropske mre\u017ee lokalnih laboratorija (living labs) usmerenih na podsticanje zelene tranzicije i razvoj teritorijalnih inicijativa i projekata.<\/li>\n<li><span data-contrast=\"auto\">Kreiranje i razvoj novog programa stru\u010dne obuke za menad\u017eere ovih laboratorija, pod nazivom Green Innovation Managers \u2013 GIM, osposobljenih da deluju kao fasilitatori zelene tranzicije.<\/span><\/li>\n<li><span data-contrast=\"auto\">Vo\u0111enje formiranih laboratorija kroz uklju\u010divanje klju\u010dnih javnih i privatnih aktera i direktno anga\u017eovanje obu\u010denih menad\u017eera za zelene inovacije.<\/span><\/li>\n<li><span data-contrast=\"auto\">Implementacija web portala za me\u0111unarodnu mre\u017eu \u201eliving labs\u201c, razvoj i testiranje seta usluga podr\u0161ke za aktere.<\/span><\/li>\n<li><span data-contrast=\"auto\">Sprovo\u0111enje ciljanih kampanja podizanja svesti radi \u0161ire informisanosti svih zainteresovanih strana.<\/span><span data-ccp-props=\"{\"> <\/span><\/li>\n<\/ul>\n<\/div>\n<\/div>\n<div class=\"nectar-fancy-ul\" data-list-icon=\"fa fa-arrow-right\" data-animation=\"false\" data-animation-delay=\"0\" data-color=\"extra-color-3\" data-spacing=\"default\" data-alignment=\"left\">\n<div class=\"wpb_text_column wpb_content_element \">\n<div class=\"wpb_wrapper\">\n<h5><\/h5>\n<h5>Implementacija<\/h5>\n<\/div>\n<\/div>\n<div class=\"nectar-fancy-ul\" data-list-icon=\"fa fa-arrow-right\" data-animation=\"false\" data-animation-delay=\"0\" data-color=\"extra-color-3\" data-spacing=\"default\" data-alignment=\"left\">\n<p><span data-contrast=\"auto\">Partnerstvo je formirano u skladu sa kriterijumima komplementarnosti i ekspertize. Sastoji se od 6 organizacija iz 5 razli\u010ditih zemalja (FR, IT, GR, PT, DE, RS) i uklju\u010duje: 2 centra za stru\u010dno obrazovanje i obuku u Francuskoj i Italiji, 1 op\u0161tinu u Portugalu, 1 udru\u017eenje u Gr\u010dkoj, 1 zadrugu i 1 \u201etre\u0107e mesto\u201c u Francuskoj i 1 omladinsku organizaciju u Srbiji. <\/span><span data-ccp-props=\"{\"> <\/span>Plan implementacije obuhvata 4 radna paketa (WP), koji valorizuju ekspertizu partnera tokom saradnje:<span data-ccp-props=\"{\"> <\/span><\/p>\n<ul>\n<li><span data-contrast=\"auto\">WP1 \u2013 Upravljanje i koordinacija<\/span><\/li>\n<li><span data-contrast=\"auto\">WP2 \u2013 Izgradnja i vo\u0111enje me\u0111unarodne mre\u017ee \u201eliving labs\u201c za zelene ekosisteme<\/span><\/li>\n<li><span data-contrast=\"auto\">WP3 \u2013 Dizajn i vo\u0111enje zajedni\u010dkog programa obuke za menad\u017eere zelene inovacije<\/span><\/li>\n<li><span data-contrast=\"auto\">WP4 \u2013 Komunikacija, anga\u017eovanje i deljenje<\/span><\/li>\n<\/ul>\n<p><span data-contrast=\"auto\">Svi radni paketi su nezavisni, ali sna\u017eno me\u0111usobno povezani kako bi se osigurala realizacija svih ambicioznih rezultata projekta.<\/span><span data-ccp-props=\"{\"> <\/span><\/p>\n<p>Projekat se realizuje u periodu od novembra 2024. do aprila 2027. godine, sa ukupnim trajanjem od 30 meseci.<\/p>\n<\/div>\n<\/div>\n<\/div>\n","protected":false},"excerpt":{"rendered":"<p>Kontekst Projekat GREEN LABS ima za cilj da podr\u017ei i podstakne zelenu tranziciju, promovi\u0161u\u0107i inovacije i uvo\u0111enje ekolo\u0161kih principa u sisteme stru\u010dnog obrazovanja i obuke (VET), kroz internacionalizaciju, razmenu praksi&#8230;<\/p>\n","protected":false},"author":1,"featured_media":0,"parent":951,"menu_order":0,"comment_status":"closed","ping_status":"closed","template":"","meta":{"inline_featured_image":false,"footnotes":""},"class_list":["post-952","page","type-page","status-publish"],"_links":{"self":[{"href":"https:\/\/irfedd.fr\/greenlabs\/sr\/wp-json\/wp\/v2\/pages\/952","targetHints":{"allow":["GET"]}}],"collection":[{"href":"https:\/\/irfedd.fr\/greenlabs\/sr\/wp-json\/wp\/v2\/pages"}],"about":[{"href":"https:\/\/irfedd.fr\/greenlabs\/sr\/wp-json\/wp\/v2\/types\/page"}],"author":[{"embeddable":true,"href":"https:\/\/irfedd.fr\/greenlabs\/sr\/wp-json\/wp\/v2\/users\/1"}],"replies":[{"embeddable":true,"href":"https:\/\/irfedd.fr\/greenlabs\/sr\/wp-json\/wp\/v2\/comments?post=952"}],"version-history":[{"count":0,"href":"https:\/\/irfedd.fr\/greenlabs\/sr\/wp-json\/wp\/v2\/pages\/952\/revisions"}],"up":[{"embeddable":true,"href":"https:\/\/irfedd.fr\/greenlabs\/sr\/wp-json\/wp\/v2\/pages\/951"}],"wp:attachment":[{"href":"https:\/\/irfedd.fr\/greenlabs\/sr\/wp-json\/wp\/v2\/media?parent=952"}],"curies":[{"name":"wp","href":"https:\/\/api.w.org\/{rel}","templated":true}]}}