{"id":878,"date":"2025-12-10T08:57:45","date_gmt":"2025-12-10T07:57:45","guid":{"rendered":"https:\/\/irfedd.fr\/greenlabs\/forum\/"},"modified":"2025-12-10T08:57:45","modified_gmt":"2025-12-10T07:57:45","slug":"forum","status":"publish","type":"page","link":"https:\/\/irfedd.fr\/greenlabs\/pt-pt\/forum\/","title":{"rendered":"F\u00f3rum"},"content":{"rendered":"\n\n<div id=\"af-wrapper\"><div id=\"forum-header\"><div id=\"forum-navigation-mobile\"><a><span class=\"fas fa-bars\"><\/span>Menu<\/a><\/div><span class=\"screen-reader-text\">Navega\u00e7\u00e3o do f\u00f3rum<\/span><div id=\"forum-navigation\"><a class=\"home-link\" href=\"https:\/\/irfedd.fr\/greenlabs\/pt-pt\/forum\" target=\"_self\">F\u00f3rum<\/a><a class=\"activity-link\" href=\"https:\/\/irfedd.fr\/greenlabs\/pt-pt\/forum\/activity\/\" target=\"_self\">Actividade<\/a><a class=\"login-link\" href=\"https:\/\/irfedd.fr\/greenlabs\/pt-pt\/wp-login.php?redirect_to=https%3A%2F%2Firfedd.fr%2Fgreenlabs%2Fpt-pt%2Fwp-json%2Fwp%2Fv2%2Fpages%2F878\" target=\"_self\">Iniciar sess\u00e3o<\/a><a class=\"register-link\" href=\"https:\/\/irfedd.fr\/greenlabs\/pt-pt\/wp-login.php?action=register\" target=\"_self\">Registo<\/a><\/div><div id=\"forum-search\"><span class=\"search-icon fas fa-search\"><\/span><form method=\"get\" action=\"https:\/\/irfedd.fr\/greenlabs\/pt-pt\/forum\/search\/\"><input name=\"keywords\" type=\"search\" placeholder=\"Pesquisar ...\" value=\"\"><\/form><\/div><div class=\"clear\"><\/div><\/div><div id=\"forum-breadcrumbs\" itemscope itemtype=\"http:\/\/schema.org\/BreadcrumbList\"><span class=\"screen-reader-text\">Breadcrumbs do f\u00f3rum - Est\u00e1 aqui:<\/span><span class=\"breadcrumb-icon fas fa-home\"><\/span><span itemprop=\"itemListElement\" itemscope itemtype=\"https:\/\/schema.org\/ListItem\"><a itemprop=\"item\" href=\"https:\/\/irfedd.fr\/greenlabs\/pt-pt\/forum\" title=\"Forum\"><span itemprop=\"name\">Forum<\/span><\/a><meta itemprop=\"position\" content=\"1\"><\/span><span class=\"breadcrumb-icon fas fa-chevron-right separator\"><\/span><\/div><h1 class=\"main-title main-title-\">Forum<\/h1><div class=\"title-element\" id=\"forum-category-51\">Exchange of information and best practices between Green Labs<span class=\"last-post-headline\">\u00daltimo artigo<\/span><\/div><div class=\"content-container\"><div class=\"content-element forum\" id=\"forum-1\"><div class=\"forum-status read\"><i class=\"fas fa-comments\"><\/i><\/div><div class=\"forum-name\"><a class=\"forum-title\" href=\"https:\/\/irfedd.fr\/greenlabs\/pt-pt\/forum\/forum\/premier-forum\/\">Life of local Green Labs<\/a><small class=\"forum-description\">Share news about your local Green Lab here: meetings, new projects, challenges, etc.<\/small><small class=\"forum-stats\">0 t\u00f3picos&nbsp;&middot;&nbsp;0 artigos<\/small><small class=\"forum-lastpost-small\"><small class=\"no-topics\">Ainda sem t\u00f3picos!<\/small><\/small><\/div><div class=\"forum-poster\"><small class=\"no-topics\">Ainda sem t\u00f3picos!<\/small><\/div><\/div><div class=\"content-element forum\" id=\"forum-2\"><div class=\"forum-status read\"><i class=\"fas fa-comments\"><\/i><\/div><div class=\"forum-name\"><a class=\"forum-title\" href=\"https:\/\/irfedd.fr\/greenlabs\/pt-pt\/forum\/forum\/news-related-to-circular-economy-and-ecological-transition\/\">News related to circular economy and ecological transition<\/a><small class=\"forum-description\">Share european news here on current topics: standards, projects, social debates, etc.<\/small><small class=\"forum-stats\">0 t\u00f3picos&nbsp;&middot;&nbsp;0 artigos<\/small><small class=\"forum-lastpost-small\"><small class=\"no-topics\">Ainda sem t\u00f3picos!<\/small><\/small><\/div><div class=\"forum-poster\"><small class=\"no-topics\">Ainda sem t\u00f3picos!<\/small><\/div><\/div><div class=\"content-element forum\" id=\"forum-3\"><div class=\"forum-status read\"><i class=\"fas fa-comments\"><\/i><\/div><div class=\"forum-name\"><a class=\"forum-title\" href=\"https:\/\/irfedd.fr\/greenlabs\/pt-pt\/forum\/forum\/network-and-collaboration\/\">Network and collaboration<\/a><small class=\"forum-description\">Get in touch to find partners or develop your projects.<\/small><small class=\"forum-stats\">0 t\u00f3picos&nbsp;&middot;&nbsp;0 artigos<\/small><small class=\"forum-lastpost-small\"><small class=\"no-topics\">Ainda sem t\u00f3picos!<\/small><\/small><\/div><div class=\"forum-poster\"><small class=\"no-topics\">Ainda sem t\u00f3picos!<\/small><\/div><\/div><\/div><div class=\"title-element\" id=\"forum-category-59\">Exchange of ideas and informations : users of local Green Labs<span class=\"last-post-headline\">\u00daltimo artigo<\/span><\/div><div class=\"content-container\"><div class=\"content-element forum\" id=\"forum-5\"><div class=\"forum-status read\"><i class=\"fas fa-comments\"><\/i><\/div><div class=\"forum-name\"><a class=\"forum-title\" href=\"https:\/\/irfedd.fr\/greenlabs\/pt-pt\/forum\/forum\/suggestion-box-for-local-green-labs-2\/\">Suggestion box for local Green Labs<\/a><small class=\"forum-description\">Share ideas in relation to your needs and the specific focus of your local Green Lab (industry, agriculture, agroforestry, culture, etc.).<\/small><small class=\"forum-stats\">0 t\u00f3picos&nbsp;&middot;&nbsp;0 artigos<\/small><small class=\"forum-lastpost-small\"><small class=\"no-topics\">Ainda sem t\u00f3picos!<\/small><\/small><\/div><div class=\"forum-poster\"><small class=\"no-topics\">Ainda sem t\u00f3picos!<\/small><\/div><\/div><\/div><div id=\"read-unread\"><span class=\"indicator unread\"><\/span><span class=\"indicator-label\">Novos artigos<\/span><span class=\"indicator read\"><\/span><span class=\"indicator-label\">Nada novo <\/span><span class=\"indicator-label\"><span class=\"fas fa-check\"><\/span><a href=\"https:\/\/irfedd.fr\/greenlabs\/pt-pt\/forum\/markallread\/?_wpnonce=fcd0c1075c\">Marcar tudo como lido<\/a><\/span><span class=\"indicator-label\"><span class=\"fas fa-history\"><\/span><a href=\"https:\/\/irfedd.fr\/greenlabs\/pt-pt\/forum\/unread\/\">Mostrar t\u00f3picos por ler<\/a><\/span><div class=\"clear\"><\/div><\/div><div id=\"statistics\"><div class=\"title-element title-element-dark\"><span class=\"title-element-icon fas fa-chart-pie\"><\/span>Estat\u00edsticas<\/div><div id=\"statistics-body\"><div id=\"statistics-elements\"><div class=\"statistics-element\"><div class=\"element-number\"><span class=\"statistics-element-icon far fa-comments\"><\/span>0<\/div><div class=\"element-name\">T\u00f3picos<\/div><\/div><div class=\"statistics-element\"><div class=\"element-number\"><span class=\"statistics-element-icon far fa-comment\"><\/span>0<\/div><div class=\"element-name\">Artigos:<\/div><\/div><div class=\"statistics-element\"><div class=\"element-number\"><span class=\"statistics-element-icon far fa-eye\"><\/span>0<\/div><div class=\"element-name\">Visitas<\/div><\/div><div class=\"statistics-element\"><div class=\"element-number\"><span class=\"statistics-element-icon far fa-user\"><\/span>9<\/div><div class=\"element-name\">Utilizadores<\/div><\/div><div class=\"statistics-element\"><div class=\"element-number\"><span class=\"statistics-element-icon far fa-lightbulb\"><\/span>0<\/div><div class=\"element-name\">Online<\/div><\/div><\/div><div id=\"statistics-online-users\"><span class=\"online-users-icon fas fa-user\"><\/span>Membro mais recente:&nbsp;<i><a class=\"profile-link highlight-admin\" href=\"https:\/\/irfedd.fr\/greenlabs\/pt-pt\/forum\/profile\/licagreenlabs\/\">licagreenlabs<\/a><\/i>&nbsp;&middot;&nbsp;<span class=\"online-users-icon fas fa-users\"><\/span><i>Ningu\u00e9m est\u00e1 online.<\/i><\/div><\/div><div class=\"clear\"><\/div><\/div><div id=\"bottom-navigation\"><\/div><div class=\"clear\"><\/div><\/div>\n","protected":false},"excerpt":{"rendered":"MenuNavega\u00e7\u00e3o do f\u00f3rumF\u00f3rumActividadeIniciar sess\u00e3oRegistoBreadcrumbs do f\u00f3rum - Est\u00e1 aqui:ForumForumForumExchange of information and best practices between Green Labs\u00daltimo artigoLife of local Green LabsShare news about your local Green Lab here: meetings,...","protected":false},"author":1,"featured_media":0,"parent":0,"menu_order":0,"comment_status":"closed","ping_status":"closed","template":"","meta":{"inline_featured_image":false,"footnotes":""},"class_list":["post-878","page","type-page","status-publish"],"_links":{"self":[{"href":"https:\/\/irfedd.fr\/greenlabs\/pt-pt\/wp-json\/wp\/v2\/pages\/878","targetHints":{"allow":["GET"]}}],"collection":[{"href":"https:\/\/irfedd.fr\/greenlabs\/pt-pt\/wp-json\/wp\/v2\/pages"}],"about":[{"href":"https:\/\/irfedd.fr\/greenlabs\/pt-pt\/wp-json\/wp\/v2\/types\/page"}],"author":[{"embeddable":true,"href":"https:\/\/irfedd.fr\/greenlabs\/pt-pt\/wp-json\/wp\/v2\/users\/1"}],"replies":[{"embeddable":true,"href":"https:\/\/irfedd.fr\/greenlabs\/pt-pt\/wp-json\/wp\/v2\/comments?post=878"}],"version-history":[{"count":0,"href":"https:\/\/irfedd.fr\/greenlabs\/pt-pt\/wp-json\/wp\/v2\/pages\/878\/revisions"}],"wp:attachment":[{"href":"https:\/\/irfedd.fr\/greenlabs\/pt-pt\/wp-json\/wp\/v2\/media?parent=878"}],"curies":[{"name":"wp","href":"https:\/\/api.w.org\/{rel}","templated":true}]}}