{"id":868,"date":"2025-06-10T14:30:18","date_gmt":"2025-06-10T12:30:18","guid":{"rendered":"https:\/\/irfedd.fr\/greenlabs\/sobre\/apresentacao-do-projeto\/"},"modified":"2025-06-10T14:30:18","modified_gmt":"2025-06-10T12:30:18","slug":"apresentacao-do-projeto","status":"publish","type":"page","link":"https:\/\/irfedd.fr\/greenlabs\/pt-pt\/sobre\/apresentacao-do-projeto\/","title":{"rendered":"Apresenta\u00e7\u00e3o do projeto"},"content":{"rendered":"\n\n<div class=\"wpb_text_column wpb_content_element \">\n<div class=\"wpb_wrapper\">\n<h5>Contexto<\/h5>\n<\/div>\n<\/div>\n<div class=\"wpb_text_column wpb_content_element \">\n<div class=\"wpb_wrapper\">\n<p><span class=\"TextRun SCXW116793242 BCX8\" lang=\"FR-FR\" xml:lang=\"FR-FR\" data-contrast=\"auto\">O projeto GREEN LABS visa apoiar e estimular a transi\u00e7\u00e3o verde, promovendo a inova\u00e7\u00e3o e a ecologiza\u00e7\u00e3o dos sistemas de ensino e forma\u00e7\u00e3o profissional (EFP), atrav\u00e9s da internacionaliza\u00e7\u00e3o, do interc\u00e2mbio de pr\u00e1ticas e da partilha de conhecimentos entre os parceiros, em conformidade com a declara\u00e7\u00e3o de Osnabr\u00fcck de 2020 sobre o ensino e a forma\u00e7\u00e3o profissionais para uma competitividade sustent\u00e1vel, a equidade social e a resili\u00eancia.<\/span><\/p>\n<p>&nbsp;<\/p>\n<\/div>\n<div class=\"wpb_text_column wpb_content_element \">\n<div class=\"wpb_wrapper\">\n<h5>Objetivos<\/h5>\n<\/div>\n<\/div>\n<div class=\"wpb_text_column wpb_content_element \">\n<div class=\"wpb_wrapper\">\n<p><strong>O projeto visa promover o refor\u00e7o de um espa\u00e7o europeu de educa\u00e7\u00e3o, contribuindo simultaneamente para refor\u00e7ar as compet\u00eancias para o desenvolvimento sustent\u00e1vel: <\/strong><\/p>\n<ul>\n<li>Co-cria\u00e7\u00e3o de uma rede europeia de laborat\u00f3rios locais (living labs) com o objetivo de estimular a transi\u00e7\u00e3o ecol\u00f3gica e o desenvolvimento de iniciativas e projetos territoriais.<\/li>\n<li><span data-contrast=\"auto\">Conce\u00e7\u00e3o e desenvolvimento de um novo programa de forma\u00e7\u00e3o profissional para os animadores\/gestores destes laborat\u00f3rios vivos, denominados \u00abGreen Innovation Managers \u2013 GIM\u00bb, capazes de atuar como facilitadores da transi\u00e7\u00e3o ecol\u00f3gica.<\/span><\/li>\n<li><span data-contrast=\"auto\">Gest\u00e3o dos laborat\u00f3rios vivos criados, gra\u00e7as ao envolvimento dos principais atores p\u00fablicos e privados e ao compromisso direto dos animadores\/gestores de inova\u00e7\u00e3o verde formados.<\/span><\/li>\n<li><span data-contrast=\"auto\">Implementa\u00e7\u00e3o de um portal web para a rede internacional de laborat\u00f3rios vivos, desenvolvimento e teste de um conjunto de servi\u00e7os de apoio aos atores.<\/span><\/li>\n<li><span data-contrast=\"auto\">mplementa\u00e7\u00e3o de campanhas de sensibiliza\u00e7\u00e3o direcionadas e multicanal para uma ampla sensibiliza\u00e7\u00e3o de todas as partes interessadas.<\/span><span data-ccp-props=\"{\"201341983\":0,\"335551550\":6,\"335551620\":6,\"335559739\":0,\"335559740\":276}\"> <\/span><\/li>\n<\/ul>\n<\/div>\n<\/div>\n<div class=\"nectar-fancy-ul\" data-list-icon=\"fa fa-arrow-right\" data-animation=\"false\" data-animation-delay=\"0\" data-color=\"extra-color-3\" data-spacing=\"default\" data-alignment=\"left\">\n<div class=\"wpb_text_column wpb_content_element \">\n<div class=\"wpb_wrapper\">\n<h5><\/h5>\n<h5>Implementa\u00e7\u00e3o<\/h5>\n<\/div>\n<\/div>\n<div class=\"nectar-fancy-ul\" data-list-icon=\"fa fa-arrow-right\" data-animation=\"false\" data-animation-delay=\"0\" data-color=\"extra-color-3\" data-spacing=\"default\" data-alignment=\"left\">\n<p><span data-contrast=\"auto\">A parceria foi formada respeitando os crit\u00e9rios de complementaridade e especializa\u00e7\u00e3o. \u00c9 composta por 6 organiza\u00e7\u00f5es em 5 pa\u00edses diferentes (FR, IT, GR, PT, DE, RS) e inclui: 2 centros de forma\u00e7\u00e3o profissional, em Fran\u00e7a e It\u00e1lia, 1 munic\u00edpio em Portugal, 1 associa\u00e7\u00e3o na Gr\u00e9cia, 1 cooperativa e 1 organiza\u00e7\u00e3o do terceiro setor em Fran\u00e7a e 1 organiza\u00e7\u00e3o juvenil na S\u00e9rvia. <\/span><span data-ccp-props=\"{\"201341983\":0,\"335551550\":6,\"335551620\":6,\"335559739\":0,\"335559740\":276}\"> <\/span>O plano de implementa\u00e7\u00e3o inclui 4 WP (work packages) que valorizam a experi\u00eancia dos parceiros durante a coopera\u00e7\u00e3o:<span data-ccp-props=\"{\"201341983\":0,\"335551550\":6,\"335551620\":6,\"335559739\":0,\"335559740\":276}\"> <\/span><\/p>\n<ul>\n<li><span data-contrast=\"auto\">WP1 \u2013 Gest\u00e3o e coordena\u00e7\u00e3o<\/span><\/li>\n<li><span data-contrast=\"auto\">WP2 \u2013 Constru\u00e7\u00e3o e pilotagem de uma rede internacional de laborat\u00f3rios vivos para ecossistemas verdes<\/span><\/li>\n<li><span data-contrast=\"auto\">WP3 \u2013 Conce\u00e7\u00e3o e pilotagem de um programa de forma\u00e7\u00e3o comum para gestores de inova\u00e7\u00e3o verde<\/span><\/li>\n<li><span data-contrast=\"auto\">WP4 \u2013 Comunica\u00e7\u00e3o, envolvimento e partilha<\/span><\/li>\n<\/ul>\n<p><span data-contrast=\"auto\">Todos os WP s\u00e3o independentes, mas fortemente interligados, a fim de garantir a concretiza\u00e7\u00e3o de todos os resultados ambiciosos do projeto.<\/span><span data-ccp-props=\"{\"201341983\":0,\"335551550\":6,\"335551620\":6,\"335559739\":0,\"335559740\":276}\"> <\/span><\/p>\n<p>O projeto tem a dura\u00e7\u00e3o de 30 meses, de novembro de 2024 a abril de 2027.<\/p>\n<\/div>\n<\/div>\n<\/div>\n","protected":false},"excerpt":{"rendered":"<p>Contexto O projeto GREEN LABS visa apoiar e estimular a transi\u00e7\u00e3o verde, promovendo a inova\u00e7\u00e3o e a ecologiza\u00e7\u00e3o dos sistemas de ensino e forma\u00e7\u00e3o profissional (EFP), atrav\u00e9s da internacionaliza\u00e7\u00e3o, do&#8230;<\/p>\n","protected":false},"author":1,"featured_media":0,"parent":864,"menu_order":0,"comment_status":"closed","ping_status":"closed","template":"","meta":{"inline_featured_image":false,"footnotes":""},"class_list":["post-868","page","type-page","status-publish"],"_links":{"self":[{"href":"https:\/\/irfedd.fr\/greenlabs\/pt-pt\/wp-json\/wp\/v2\/pages\/868","targetHints":{"allow":["GET"]}}],"collection":[{"href":"https:\/\/irfedd.fr\/greenlabs\/pt-pt\/wp-json\/wp\/v2\/pages"}],"about":[{"href":"https:\/\/irfedd.fr\/greenlabs\/pt-pt\/wp-json\/wp\/v2\/types\/page"}],"author":[{"embeddable":true,"href":"https:\/\/irfedd.fr\/greenlabs\/pt-pt\/wp-json\/wp\/v2\/users\/1"}],"replies":[{"embeddable":true,"href":"https:\/\/irfedd.fr\/greenlabs\/pt-pt\/wp-json\/wp\/v2\/comments?post=868"}],"version-history":[{"count":0,"href":"https:\/\/irfedd.fr\/greenlabs\/pt-pt\/wp-json\/wp\/v2\/pages\/868\/revisions"}],"up":[{"embeddable":true,"href":"https:\/\/irfedd.fr\/greenlabs\/pt-pt\/wp-json\/wp\/v2\/pages\/864"}],"wp:attachment":[{"href":"https:\/\/irfedd.fr\/greenlabs\/pt-pt\/wp-json\/wp\/v2\/media?parent=868"}],"curies":[{"name":"wp","href":"https:\/\/api.w.org\/{rel}","templated":true}]}}