{"id":741,"date":"2025-06-10T14:30:18","date_gmt":"2025-06-10T12:30:18","guid":{"rendered":"https:\/\/irfedd.fr\/greenlabs\/di\/presentazione-del-progetto\/"},"modified":"2025-06-10T14:30:18","modified_gmt":"2025-06-10T12:30:18","slug":"presentazione-del-progetto","status":"publish","type":"page","link":"https:\/\/irfedd.fr\/greenlabs\/it\/di\/presentazione-del-progetto\/","title":{"rendered":"Presentazione del progetto"},"content":{"rendered":"\n\n<div class=\"wpb_text_column wpb_content_element \">\n<div class=\"wpb_wrapper\">\n<h5>Contesto<\/h5>\n<\/div>\n<\/div>\n<div class=\"wpb_text_column wpb_content_element \">\n<div class=\"wpb_wrapper\">\n<p><span class=\"TextRun SCXW116793242 BCX8\" lang=\"FR-FR\" xml:lang=\"FR-FR\" data-contrast=\"auto\">Il progetto GREEN LABS mira a sostenere e stimolare la transizione verde promuovendo l&#8217;innovazione e l&#8217;ecologizzazione dei sistemi di istruzione e formazione professionale (IFP) attraverso l&#8217;internazionalizzazione, lo scambio di pratiche e la condivisione di conoscenze tra i partner, in linea con la Dichiarazione di Osnabr\u00fcck del 2020 sull&#8217;istruzione e la formazione professionale per la competitivit\u00e0 sostenibile, l&#8217;equit\u00e0 sociale e la resilienza.<\/span><\/p>\n<p>&nbsp;<\/p>\n<\/div>\n<div class=\"wpb_text_column wpb_content_element \">\n<div class=\"wpb_wrapper\">\n<h5>Obiettivi<\/h5>\n<\/div>\n<\/div>\n<div class=\"wpb_text_column wpb_content_element \">\n<div class=\"wpb_wrapper\">\n<p><strong>Il progetto mira a promuovere il rafforzamento di uno spazio europeo dell&#8217;istruzione, contribuendo al contempo a rafforzare le competenze per lo sviluppo sostenibile: <\/strong><\/p>\n<ul>\n<li>Co-creazione di una rete europea di laboratori locali (living lab) volti a stimolare la transizione verde e lo sviluppo di iniziative e progetti territoriali.<\/li>\n<li><span data-contrast=\"auto\">Progettazione e sviluppo di un nuovo programma di formazione professionale per facilitatori\/gestori di questi laboratori viventi, denominato \u201cGreen Innovation Managers (GIM)\u201d, che possono agire come facilitatori della transizione verde.<\/span><\/li>\n<li><span data-contrast=\"auto\">Gestione dei living labs creati, grazie al coinvolgimento dei principali attori pubblici e privati e all&#8217;impegno diretto di facilitatori\/gestori di innovazione verde formati.<\/span><\/li>\n<li><span data-contrast=\"auto\">Implementazione di un portale web per la rete internazionale di living lab, sviluppo e test di una serie di servizi di supporto per gli stakeholder.<\/span><\/li>\n<li><span data-contrast=\"auto\">Implementazione di campagne di sensibilizzazione mirate e multicanale per sensibilizzare tutti gli stakeholder.<\/span><span data-ccp-props=\"{\"201341983\":0,\"335551550\":6,\"335551620\":6,\"335559739\":0,\"335559740\":276}\"> <\/span><\/li>\n<\/ul>\n<\/div>\n<\/div>\n<div class=\"nectar-fancy-ul\" data-list-icon=\"fa fa-arrow-right\" data-animation=\"false\" data-animation-delay=\"0\" data-color=\"extra-color-3\" data-spacing=\"default\" data-alignment=\"left\">\n<div class=\"wpb_text_column wpb_content_element \">\n<div class=\"wpb_wrapper\">\n<h5><\/h5>\n<h5>Implementazione<\/h5>\n<\/div>\n<\/div>\n<div class=\"nectar-fancy-ul\" data-list-icon=\"fa fa-arrow-right\" data-animation=\"false\" data-animation-delay=\"0\" data-color=\"extra-color-3\" data-spacing=\"default\" data-alignment=\"left\">\n<p><span data-contrast=\"auto\">Il partenariato \u00e8 stato costituito sulla base di criteri di complementarit\u00e0 e competenza. \u00c8 composta da sei organizzazioni in cinque paesi diversi (FR, IT, GR, PT, DE, RS) e comprende: due centri di formazione professionale in Francia e Italia, un comune in Portogallo, un&#8217;associazione in Grecia, una cooperativa e un terzo luogo in Francia e un&#8217;organizzazione giovanile in Serbia.<\/span><span data-ccp-props=\"{\"201341983\":0,\"335551550\":6,\"335551620\":6,\"335559739\":0,\"335559740\":276}\"> <\/span>Il piano di attuazione comprende quattro pacchetti di lavoro (WP) che sfruttano le competenze dei partner durante la cooperazione:<span data-ccp-props=\"{\"201341983\":0,\"335551550\":6,\"335551620\":6,\"335559739\":0,\"335559740\":276}\"> <\/span><\/p>\n<ul>\n<li><span data-contrast=\"auto\">WP1 \u2013 Gestione e coordinamento<\/span><\/li>\n<li><span data-contrast=\"auto\">WP2 \u2013 Creazione e sperimentazione di una rete internazionale di laboratori viventi per ecosistemi verdi<\/span><\/li>\n<li><span data-contrast=\"auto\">WP3 \u2013 Progettazione e sperimentazione di un programma di formazione congiunto per manager dell&#8217;innovazione verde<\/span><\/li>\n<li><span data-contrast=\"auto\">WP4 \u2013 Comunicazione, coinvolgimento e condivisione<\/span><\/li>\n<\/ul>\n<p><span data-contrast=\"auto\">Tutti i WP sono indipendenti ma strettamente collegati per garantire il raggiungimento degli ambiziosi risultati del progetto.<\/span><span data-ccp-props=\"{\"201341983\":0,\"335551550\":6,\"335551620\":6,\"335559739\":0,\"335559740\":276}\"> <\/span><\/p>\n<p>Il progetto avr\u00e0 una durata di 30 mesi, da novembre 2024 ad aprile 2027.<\/p>\n<\/div>\n<\/div>\n<\/div>\n","protected":false},"excerpt":{"rendered":"<p>Contesto Il progetto GREEN LABS mira a sostenere e stimolare la transizione verde promuovendo l&#8217;innovazione e l&#8217;ecologizzazione dei sistemi di istruzione e formazione professionale (IFP) attraverso l&#8217;internazionalizzazione, lo scambio di&#8230;<\/p>\n","protected":false},"author":1,"featured_media":0,"parent":737,"menu_order":0,"comment_status":"closed","ping_status":"closed","template":"","meta":{"inline_featured_image":false,"footnotes":""},"class_list":["post-741","page","type-page","status-publish"],"_links":{"self":[{"href":"https:\/\/irfedd.fr\/greenlabs\/it\/wp-json\/wp\/v2\/pages\/741","targetHints":{"allow":["GET"]}}],"collection":[{"href":"https:\/\/irfedd.fr\/greenlabs\/it\/wp-json\/wp\/v2\/pages"}],"about":[{"href":"https:\/\/irfedd.fr\/greenlabs\/it\/wp-json\/wp\/v2\/types\/page"}],"author":[{"embeddable":true,"href":"https:\/\/irfedd.fr\/greenlabs\/it\/wp-json\/wp\/v2\/users\/1"}],"replies":[{"embeddable":true,"href":"https:\/\/irfedd.fr\/greenlabs\/it\/wp-json\/wp\/v2\/comments?post=741"}],"version-history":[{"count":0,"href":"https:\/\/irfedd.fr\/greenlabs\/it\/wp-json\/wp\/v2\/pages\/741\/revisions"}],"up":[{"embeddable":true,"href":"https:\/\/irfedd.fr\/greenlabs\/it\/wp-json\/wp\/v2\/pages\/737"}],"wp:attachment":[{"href":"https:\/\/irfedd.fr\/greenlabs\/it\/wp-json\/wp\/v2\/media?parent=741"}],"curies":[{"name":"wp","href":"https:\/\/api.w.org\/{rel}","templated":true}]}}